{"id":42,"date":"2025-02-01T23:34:56","date_gmt":"2025-02-01T23:34:56","guid":{"rendered":"http:\/\/perutequiero.org.pe\/?page_id=42"},"modified":"2025-08-25T02:04:00","modified_gmt":"2025-08-25T02:04:00","slug":"sobre-nostros","status":"publish","type":"page","link":"https:\/\/perutequiero.org.pe\/?page_id=42","title":{"rendered":"Sobre Nosotros"},"content":{"rendered":"\t\t<div data-elementor-type=\"wp-page\" data-elementor-id=\"42\" class=\"elementor elementor-42\">\n\t\t\t\t\t\t\t\t\t<section class=\"elementor-section elementor-top-section elementor-element elementor-element-523146c0 elementor-section-content-middle elementor-section-boxed elementor-section-height-default elementor-section-height-default\" data-id=\"523146c0\" data-element_type=\"section\">\n\t\t\t\t\t\t<div class=\"elementor-container elementor-column-gap-no\">\n\t\t\t\t\t<div class=\"elementor-column elementor-col-50 elementor-top-column elementor-element elementor-element-20b9b193\" data-id=\"20b9b193\" data-element_type=\"column\">\n\t\t\t<div class=\"elementor-widget-wrap elementor-element-populated\">\n\t\t\t\t\t\t\t\t<div class=\"elementor-element elementor-element-4783eb3a elementor-widget elementor-widget-text-editor\" data-id=\"4783eb3a\" data-element_type=\"widget\" data-widget_type=\"text-editor.default\">\n\t\t\t\t<div class=\"elementor-widget-container\">\n\t\t\t<style>\/*! elementor - v3.15.0 - 20-08-2023 *\/\n.elementor-widget-text-editor.elementor-drop-cap-view-stacked .elementor-drop-cap{background-color:#69727d;color:#fff}.elementor-widget-text-editor.elementor-drop-cap-view-framed .elementor-drop-cap{color:#69727d;border:3px solid;background-color:transparent}.elementor-widget-text-editor:not(.elementor-drop-cap-view-default) .elementor-drop-cap{margin-top:8px}.elementor-widget-text-editor:not(.elementor-drop-cap-view-default) .elementor-drop-cap-letter{width:1em;height:1em}.elementor-widget-text-editor .elementor-drop-cap{float:left;text-align:center;line-height:1;font-size:50px}.elementor-widget-text-editor .elementor-drop-cap-letter{display:inline-block}<\/style>\t\t\t\t<p>El <strong>PARTIDO POL\u00cdTICO NACIONAL PER\u00da TE QUIERO<\/strong> es una organizaci\u00f3n pol\u00edtico-partidaria de l\u00ednea <strong>NACIONALISTA<\/strong> que construir\u00e1 un estado que integre a todas las etnias, con <u>absoluta<\/u> <u>soberan\u00eda<\/u> sobre el territorio patrio, y <strong>HUMANISTA<\/strong> en los valores de justicia, solidaridad, honestidad, libertad, democracia participativa e igualdad de todos. Rechazamos cualquier expresi\u00f3n de racismo, discriminaci\u00f3n y\/o violencia contra la persona humana o sus mascotas, respetamos la propiedad privada y promovemos la libertad de prensa objetiva, veraz y plural.<\/p><p>El Per\u00fa es un pa\u00eds heredero de culturas aut\u00f3ctonas fundidas en el crisol de la evoluci\u00f3n humana por m\u00e1s de 10 mil a\u00f1os, donde cohabitaron m\u00e1s de 72 naciones con identidad propia, bajo un gobierno arm\u00f3nico, la Confederaci\u00f3n del Tahuantinsuyo; hoy estamos aqu\u00ed multiplicados m\u00e1s articulados, fuertes y conscientes que en el pret\u00e9rito. Somos legiones de hombres y mujeres interrelacion\u00e1ndonos, reconstruy\u00e9ndonos, regener\u00e1ndonos, reconoci\u00e9ndonos, herman\u00e1ndonos y queri\u00e9ndonos m\u00e1s y m\u00e1s. Sentimos enorme orgullo al tomar conciencia de nuestros or\u00edgenes; seguimos embelesados por esas corrientes hist\u00f3ricas ancestrales <strong>nacionalistas<\/strong> y <strong>humanistas<\/strong>, combatimos la podredumbre y la miseria en la que nos han sumido los adoradores del inter\u00e9s particular y de la acumulaci\u00f3n de riqueza sin escr\u00fapulos ni l\u00edmites. La democracia tutelada a la que nos han confinado los adoradores de ese modelo econ\u00f3mico llamado neoliberal nos va exterminando, corrompiendo, succionando la moral y la sapiencia de las poblaciones originarias <em>maestras en preservar la naturaleza como renovable fuente de vida<\/em>, busca someter al individuo y sociedad para sumergirlos en un mundo oscuro y f\u00e9tido donde no se valora la vida humana, ni animal, ni vegetal; perjudicando y procurando destruir a la humanidad ajena a sus intereses.<\/p>\t\t\t\t\t\t<\/div>\n\t\t\t\t<\/div>\n\t\t\t\t\t<\/div>\n\t\t<\/div>\n\t\t\t\t<div class=\"elementor-column elementor-col-50 elementor-top-column elementor-element elementor-element-13c2024f\" data-id=\"13c2024f\" data-element_type=\"column\">\n\t\t\t<div class=\"elementor-widget-wrap elementor-element-populated\">\n\t\t\t\t\t\t\t\t<div class=\"elementor-element elementor-element-15c080fa elementor-widget elementor-widget-video\" data-id=\"15c080fa\" data-element_type=\"widget\" data-settings=\"{&quot;youtube_url&quot;:&quot;https:\\\/\\\/youtu.be\\\/WS1yGDPnuK8?si=aIflzOHKDCfxnqwi&quot;,&quot;video_type&quot;:&quot;youtube&quot;,&quot;controls&quot;:&quot;yes&quot;}\" data-widget_type=\"video.default\">\n\t\t\t\t<div class=\"elementor-widget-container\">\n\t\t\t<style>\/*! elementor - v3.15.0 - 20-08-2023 *\/\n.elementor-widget-video .elementor-widget-container{overflow:hidden;transform:translateZ(0)}.elementor-widget-video .elementor-wrapper{aspect-ratio:var(--video-aspect-ratio)}.elementor-widget-video .elementor-wrapper iframe,.elementor-widget-video .elementor-wrapper video{height:100%;width:100%;display:flex;border:none;background-color:#000}@supports not (aspect-ratio:1\/1){.elementor-widget-video .elementor-wrapper{position:relative;overflow:hidden;height:0;padding-bottom:calc(100% \/ var(--video-aspect-ratio))}.elementor-widget-video .elementor-wrapper iframe,.elementor-widget-video .elementor-wrapper video{position:absolute;top:0;right:0;bottom:0;left:0}}.elementor-widget-video .elementor-open-inline .elementor-custom-embed-image-overlay{position:absolute;top:0;right:0;bottom:0;left:0;background-size:cover;background-position:50%}.elementor-widget-video .elementor-custom-embed-image-overlay{cursor:pointer;text-align:center}.elementor-widget-video .elementor-custom-embed-image-overlay:hover .elementor-custom-embed-play i{opacity:1}.elementor-widget-video .elementor-custom-embed-image-overlay img{display:block;width:100%;aspect-ratio:var(--video-aspect-ratio);-o-object-fit:cover;object-fit:cover;-o-object-position:center center;object-position:center center}@supports not (aspect-ratio:1\/1){.elementor-widget-video .elementor-custom-embed-image-overlay{position:relative;overflow:hidden;height:0;padding-bottom:calc(100% \/ var(--video-aspect-ratio))}.elementor-widget-video .elementor-custom-embed-image-overlay img{position:absolute;top:0;right:0;bottom:0;left:0}}.elementor-widget-video .e-hosted-video .elementor-video{-o-object-fit:cover;object-fit:cover}.e-con-inner>.elementor-widget-video,.e-con>.elementor-widget-video{width:var(--container-widget-width);--flex-grow:var(--container-widget-flex-grow)}<\/style>\t\t<div class=\"elementor-wrapper elementor-open-inline\">\n\t\t\t<div class=\"elementor-video\"><\/div>\t\t<\/div>\n\t\t\t\t<\/div>\n\t\t\t\t<\/div>\n\t\t\t\t\t<\/div>\n\t\t<\/div>\n\t\t\t\t\t\t\t<\/div>\n\t\t<\/section>\n\t\t\t\t\t\t\t<\/div>\n\t\t","protected":false},"excerpt":{"rendered":"<p>El PARTIDO POL\u00cdTICO NACIONAL PER\u00da TE QUIERO es una organizaci\u00f3n pol\u00edtico-partidaria de l\u00ednea NACIONALISTA que construir\u00e1 un estado que integre a todas las etnias, con absoluta soberan\u00eda sobre el territorio patrio, y HUMANISTA en los valores de justicia, solidaridad, honestidad, libertad, democracia participativa e igualdad de todos. Rechazamos cualquier expresi\u00f3n de racismo, discriminaci\u00f3n y\/o violencia &hellip;<\/p>\n<p class=\"read-more\"> <a class=\"\" href=\"https:\/\/perutequiero.org.pe\/?page_id=42\"> <span class=\"screen-reader-text\">Sobre Nosotros<\/span> Read More &raquo;<\/a><\/p>\n","protected":false},"author":1,"featured_media":0,"parent":0,"menu_order":0,"comment_status":"closed","ping_status":"closed","template":"","meta":{"site-sidebar-layout":"no-sidebar","site-content-layout":"page-builder","ast-site-content-layout":"","site-content-style":"default","site-sidebar-style":"default","ast-global-header-display":"","ast-banner-title-visibility":"","ast-main-header-display":"","ast-hfb-above-header-display":"","ast-hfb-below-header-display":"","ast-hfb-mobile-header-display":"","site-post-title":"disabled","ast-breadcrumbs-content":"","ast-featured-img":"disabled","footer-sml-layout":"","theme-transparent-header-meta":"","adv-header-id-meta":"","stick-header-meta":"","header-above-stick-meta":"","header-main-stick-meta":"","header-below-stick-meta":"","astra-migrate-meta-layouts":"","footnotes":""},"_links":{"self":[{"href":"https:\/\/perutequiero.org.pe\/index.php?rest_route=\/wp\/v2\/pages\/42"}],"collection":[{"href":"https:\/\/perutequiero.org.pe\/index.php?rest_route=\/wp\/v2\/pages"}],"about":[{"href":"https:\/\/perutequiero.org.pe\/index.php?rest_route=\/wp\/v2\/types\/page"}],"author":[{"embeddable":true,"href":"https:\/\/perutequiero.org.pe\/index.php?rest_route=\/wp\/v2\/users\/1"}],"replies":[{"embeddable":true,"href":"https:\/\/perutequiero.org.pe\/index.php?rest_route=%2Fwp%2Fv2%2Fcomments&post=42"}],"version-history":[{"count":8,"href":"https:\/\/perutequiero.org.pe\/index.php?rest_route=\/wp\/v2\/pages\/42\/revisions"}],"predecessor-version":[{"id":182,"href":"https:\/\/perutequiero.org.pe\/index.php?rest_route=\/wp\/v2\/pages\/42\/revisions\/182"}],"wp:attachment":[{"href":"https:\/\/perutequiero.org.pe\/index.php?rest_route=%2Fwp%2Fv2%2Fmedia&parent=42"}],"curies":[{"name":"wp","href":"https:\/\/api.w.org\/{rel}","templated":true}]}}