{"id":46,"date":"2025-02-01T23:34:56","date_gmt":"2025-02-01T23:34:56","guid":{"rendered":"http:\/\/perutequiero.org.pe\/?page_id=46"},"modified":"2025-02-25T22:15:21","modified_gmt":"2025-02-25T22:15:21","slug":"mision","status":"publish","type":"page","link":"https:\/\/perutequiero.org.pe\/?page_id=46","title":{"rendered":"Misi\u00f3n"},"content":{"rendered":"\t\t<div data-elementor-type=\"wp-page\" data-elementor-id=\"46\" class=\"elementor elementor-46\">\n\t\t\t\t\t\t\t\t\t<section class=\"elementor-section elementor-top-section elementor-element elementor-element-7844eb93 elementor-section-full_width elementor-section-content-middle elementor-section-height-default elementor-section-height-default\" data-id=\"7844eb93\" data-element_type=\"section\" data-settings=\"{&quot;background_background&quot;:&quot;classic&quot;}\">\n\t\t\t\t\t\t<div class=\"elementor-container elementor-column-gap-no\">\n\t\t\t\t\t<div class=\"elementor-column elementor-col-50 elementor-top-column elementor-element elementor-element-522b961e\" data-id=\"522b961e\" data-element_type=\"column\">\n\t\t\t<div class=\"elementor-widget-wrap elementor-element-populated\">\n\t\t\t\t\t\t\t\t<div class=\"elementor-element elementor-element-4fc534d elementor-widget__width-initial elementor-widget elementor-widget-heading\" data-id=\"4fc534d\" data-element_type=\"widget\" data-widget_type=\"heading.default\">\n\t\t\t\t<div class=\"elementor-widget-container\">\n\t\t\t<style>\/*! elementor - v3.15.0 - 20-08-2023 *\/\n.elementor-heading-title{padding:0;margin:0;line-height:1}.elementor-widget-heading .elementor-heading-title[class*=elementor-size-]>a{color:inherit;font-size:inherit;line-height:inherit}.elementor-widget-heading .elementor-heading-title.elementor-size-small{font-size:15px}.elementor-widget-heading .elementor-heading-title.elementor-size-medium{font-size:19px}.elementor-widget-heading .elementor-heading-title.elementor-size-large{font-size:29px}.elementor-widget-heading .elementor-heading-title.elementor-size-xl{font-size:39px}.elementor-widget-heading .elementor-heading-title.elementor-size-xxl{font-size:59px}<\/style><h3 class=\"elementor-heading-title elementor-size-default\">Misi\u00f3n\n<\/h3>\t\t<\/div>\n\t\t\t\t<\/div>\n\t\t\t\t\t<\/div>\n\t\t<\/div>\n\t\t\t\t<div class=\"elementor-column elementor-col-50 elementor-top-column elementor-element elementor-element-7cb24190\" data-id=\"7cb24190\" data-element_type=\"column\">\n\t\t\t<div class=\"elementor-widget-wrap elementor-element-populated\">\n\t\t\t\t\t\t\t\t<div class=\"elementor-element elementor-element-2e941359 elementor-widget elementor-widget-text-editor\" data-id=\"2e941359\" data-element_type=\"widget\" data-widget_type=\"text-editor.default\">\n\t\t\t\t<div class=\"elementor-widget-container\">\n\t\t\t<style>\/*! elementor - v3.15.0 - 20-08-2023 *\/\n.elementor-widget-text-editor.elementor-drop-cap-view-stacked .elementor-drop-cap{background-color:#69727d;color:#fff}.elementor-widget-text-editor.elementor-drop-cap-view-framed .elementor-drop-cap{color:#69727d;border:3px solid;background-color:transparent}.elementor-widget-text-editor:not(.elementor-drop-cap-view-default) .elementor-drop-cap{margin-top:8px}.elementor-widget-text-editor:not(.elementor-drop-cap-view-default) .elementor-drop-cap-letter{width:1em;height:1em}.elementor-widget-text-editor .elementor-drop-cap{float:left;text-align:center;line-height:1;font-size:50px}.elementor-widget-text-editor .elementor-drop-cap-letter{display:inline-block}<\/style>\t\t\t\t<p>\u00a0<\/p><p><strong>\u00a0 \u00a0 \u00a0 \u00a0 \u00a0 \u00a0 \u00a0 \u00a0 \u00a0 \u00a0 \u00a0 \u00a0 \u00a0 \u00a0 \u00a0 \u00a0 \u00a0 \u00a0 \u00a0 \u00a0 \u00a0 \u00a0 \u00a0 \u00a0 PER\u00da TE QUIERO<\/strong><\/p><p>La raz\u00f3n de ser del <strong>Partido Pol\u00edtico Nacional PER\u00da TE QUIERO<\/strong> es conjuncionar y canalizar el esfuerzo y expectativas largamente postergadas del pueblo peruano para lograr un <strong>PA\u00cdS justo<\/strong>, <strong>igualitario<\/strong>, <strong>solidario<\/strong>, <strong>patriota<\/strong> y <strong>democr\u00e1tico<\/strong> que provea servicios p\u00fablicos y privados honestos y eficientes; para ello laborar\u00e1 hombro a hombro con la sociedad organizada, emprendurismo y empresariado nacional y mundial para, dentro de un marco de seguridad ciudadana y recuperaci\u00f3n y respeto del medio ambiente as\u00ed como aprovechamiento racional de los recursos humanos, t\u00e9cnicos y materiales<strong> cambiar al Per\u00fa<\/strong>, principalmente implementando el <strong>DESARROLLO TECNIFICADO DEL AGRO<\/strong>,<strong> INDUSTRALIZACI\u00d3N INTENSIVA<\/strong> y <strong>EXPLOTACI\u00d3N RESPONSABLE DE LOS RECURSOS NATURALESN<\/strong> para, finalmente, poner a la <strong>PATRIA<\/strong> en ruta al <strong>desarrollo integral<\/strong>, <strong>firme<\/strong> y <strong>sostenido en el tiempo<\/strong>, a la par del denominado primer mundo. \u00a0\u00a0\u00a0<\/p>\t\t\t\t\t\t<\/div>\n\t\t\t\t<\/div>\n\t\t\t\t\t<\/div>\n\t\t<\/div>\n\t\t\t\t\t\t\t<\/div>\n\t\t<\/section>\n\t\t\t\t\t\t\t<\/div>\n\t\t","protected":false},"excerpt":{"rendered":"<p>Misi\u00f3n \u00a0 \u00a0 \u00a0 \u00a0 \u00a0 \u00a0 \u00a0 \u00a0 \u00a0 \u00a0 \u00a0 \u00a0 \u00a0 \u00a0 \u00a0 \u00a0 \u00a0 \u00a0 \u00a0 \u00a0 \u00a0 \u00a0 \u00a0 \u00a0 \u00a0 PER\u00da TE QUIERO La raz\u00f3n de ser del Partido Pol\u00edtico Nacional PER\u00da TE QUIERO es conjuncionar y canalizar el esfuerzo y expectativas largamente postergadas del pueblo peruano para lograr &hellip;<\/p>\n<p class=\"read-more\"> <a class=\"\" href=\"https:\/\/perutequiero.org.pe\/?page_id=46\"> <span class=\"screen-reader-text\">Misi\u00f3n<\/span> Read More &raquo;<\/a><\/p>\n","protected":false},"author":1,"featured_media":0,"parent":0,"menu_order":0,"comment_status":"closed","ping_status":"closed","template":"","meta":{"site-sidebar-layout":"no-sidebar","site-content-layout":"page-builder","ast-site-content-layout":"","site-content-style":"default","site-sidebar-style":"default","ast-global-header-display":"","ast-banner-title-visibility":"","ast-main-header-display":"","ast-hfb-above-header-display":"","ast-hfb-below-header-display":"","ast-hfb-mobile-header-display":"","site-post-title":"disabled","ast-breadcrumbs-content":"","ast-featured-img":"disabled","footer-sml-layout":"","theme-transparent-header-meta":"","adv-header-id-meta":"","stick-header-meta":"","header-above-stick-meta":"","header-main-stick-meta":"","header-below-stick-meta":"","astra-migrate-meta-layouts":"","footnotes":""},"_links":{"self":[{"href":"https:\/\/perutequiero.org.pe\/index.php?rest_route=\/wp\/v2\/pages\/46"}],"collection":[{"href":"https:\/\/perutequiero.org.pe\/index.php?rest_route=\/wp\/v2\/pages"}],"about":[{"href":"https:\/\/perutequiero.org.pe\/index.php?rest_route=\/wp\/v2\/types\/page"}],"author":[{"embeddable":true,"href":"https:\/\/perutequiero.org.pe\/index.php?rest_route=\/wp\/v2\/users\/1"}],"replies":[{"embeddable":true,"href":"https:\/\/perutequiero.org.pe\/index.php?rest_route=%2Fwp%2Fv2%2Fcomments&post=46"}],"version-history":[{"count":7,"href":"https:\/\/perutequiero.org.pe\/index.php?rest_route=\/wp\/v2\/pages\/46\/revisions"}],"predecessor-version":[{"id":133,"href":"https:\/\/perutequiero.org.pe\/index.php?rest_route=\/wp\/v2\/pages\/46\/revisions\/133"}],"wp:attachment":[{"href":"https:\/\/perutequiero.org.pe\/index.php?rest_route=%2Fwp%2Fv2%2Fmedia&parent=46"}],"curies":[{"name":"wp","href":"https:\/\/api.w.org\/{rel}","templated":true}]}}